{"id":5455,"date":"2021-06-26T15:40:05","date_gmt":"2021-06-26T14:40:05","guid":{"rendered":"https:\/\/yuukart.com\/product\/wild-stripes\/"},"modified":"2025-08-03T00:44:13","modified_gmt":"2025-08-02T23:44:13","slug":"wild-stripes","status":"publish","type":"product","link":"https:\/\/yuukart.com\/pt-pt\/product\/wild-stripes\/","title":{"rendered":"Wild Stripes"},"content":{"rendered":"<h4 style=\"text-align: center;\"><strong>WILD STRIPES\u00a0<\/strong><\/h4>\n<div style=\"text-align: justify; padding-top: 15px; padding-bottom: 50px;\">\n<p>Uma Obra de Arte \u00fanica que mostra o v\u00ednculo entre m\u00e3e e filho durante a \u201cGrande Migra\u00e7\u00e3o\u201d, um acontecimento anual onde milh\u00f5es de zebras, gnus e outros ant\u00edlopes viajam num percurso de 500 milhas na Tanz\u00e2nia e no Qu\u00e9nia, atrav\u00e9s do Serengeti, Maasai Mara e Cratera de Ngorongoro. As zebras da montanha do Cabo vivem em regi\u00f5es montanhosas da Nam\u00edbia, oeste e sul da \u00c1frica e foram registadas na Lista Vermelha da Uni\u00e3o Internacional para a Conserva\u00e7\u00e3o da Natureza como em vias de extin\u00e7\u00e3o em 2006. A esp\u00e9cie enfrentou a extin\u00e7\u00e3o como os n\u00fameros confirmam e diminu\u00edram drasticamente para menos de 60 indiv\u00edduos no in\u00edcio de o s\u00e9culo 20. No entanto, devido aos esfor\u00e7os de conserva\u00e7\u00e3o, cerca de 4.872 zebras em 76 subpopula\u00e7\u00f5es em toda a \u00c1frica do Sul foram registadas em 2015. A sua popula\u00e7\u00e3o cresce cerca de 9% a cada ano.<\/p>\n<\/div>\n<h4 style=\"text-align: left;\"><strong>PRINT DE QUALIDADE PREMIUM\u00a0<\/strong><\/h4>\n<p style=\"text-align: left;\"><strong>Titulo<\/strong> Wild Stripes<br \/>\n<strong>Data de Impress\u00e3o<\/strong> 21 de Junho 2021<br \/>\n<strong>Tipo de Papel<\/strong>\u00a0PREMIUM PLUS 400 g\/m2<br \/>\nLivre de \u00e1cido e com acabamento mate<br \/>\n<strong>Dimens\u00f5es<\/strong> A3 (297 x 420 mm)<br \/>\n<b>Data da Obra Original <\/b>20 Junho 2021<br \/>\n<strong>Assinado \u00e0 M\u00e3o <\/strong>e com <strong>Certificado de Autenticidade <\/strong>impresso no verso<\/p>\n<p>&nbsp;<\/p>\n<h4 style=\"text-align: left;\"><strong>ORIGINAL<\/strong><\/h4>\n<p style=\"text-align: left;\"><strong>Titulo<\/strong> Wild Stripes<br \/>\n<strong>Dimens\u00f5es<\/strong> A3 (297 x 420 mm)<\/p>\n<p style=\"text-align: left;\"><strong>Materiais Usados<\/strong><br \/>\nL\u00e1pis de Cor \u2013 Derwent Procolour<br \/>\nFolha de 160gr \u2013 Fabriano Tiziano<br \/>\nFixativo Acad\u00e9mico \u2013 Ghiant<br \/>\nCanetas de Gel \u2013 Sakura Gelly Roll 05 e Uniball Signo Broad White<\/p>\n<p>&nbsp;<\/p>\n<h4 style=\"text-align: left;\"><strong>ENCOMENDA<\/strong><\/h4>\n<p style=\"text-align: left;\"><strong>Os Prints <\/strong><strong>A3 ou o Original\u00a0<\/strong>ser\u00e3o protegidos com a seguran\u00e7a de uma placa de MDF de 3mm para evitar que se dobre.<\/p>\n<p>&nbsp;<\/p>\n<h4 style=\"text-align: left;\"><strong>TEMPO DE ENVIO<\/strong><\/h4>\n<p style=\"text-align: left;\"><strong>Portugal:<\/strong>\u00a03-4 dias \u00fateis<br \/>\n<strong>Europa:<\/strong>\u00a0+10 dias \u00fateis<br \/>\n<strong>Fora da Europa: <\/strong>+20 dias \u00fateis<br \/>\n<b>Transportadora <\/b>\u2013 GLS<br \/>\n<strong>O n\u00famero para seguir a encomenda ser\u00e1 fornecida ao cliente.<\/strong><\/p>\n<p>&nbsp;<\/p>\n<h4 style=\"text-align: left;\"><strong>IMPORTANTE<\/strong><\/h4>\n<p style=\"text-align: left;\">Moldura <strong>n\u00e3o inclu\u00edda<\/strong>.<\/p>\n<div id=\"gtx-trans\" style=\"position: absolute; left: 559px; top: 500px;\">\n<div class=\"gtx-trans-icon\"><\/div>\n<\/div>\n","protected":false},"excerpt":{"rendered":"<p>WILD STRIPES\u00a0 Uma Obra de Arte \u00fanica que mostra o v\u00ednculo entre m\u00e3e e filho durante a \u201cGrande Migra\u00e7\u00e3o\u201d, um acontecimento anual onde milh\u00f5es de zebras, gnus e outros ant\u00edlopes viajam num percurso de 500 milhas na Tanz\u00e2nia e no Qu\u00e9nia, atrav\u00e9s do Serengeti, Maasai Mara e Cratera de Ngorongoro. As zebras da montanha do [&#8230;]\n","protected":false},"featured_media":5406,"comment_status":"open","ping_status":"closed","template":"","meta":[],"product_brand":[],"product_cat":[141],"product_tag":[],"class_list":{"0":"post-5455","1":"product","2":"type-product","3":"status-publish","4":"has-post-thumbnail","6":"product_cat-prints-pt-pt","7":"product_shipping_class-portrait-pt-pt","9":"first","10":"instock","11":"taxable","12":"shipping-taxable","13":"purchasable","14":"product-type-variable"},"acf":[],"yoast_head":"<!-- This site is optimized with the Yoast SEO plugin v24.7 - https:\/\/yoast.com\/wordpress\/plugins\/seo\/ -->\n<title>Wild Stripes - YuukArt<\/title>\n<meta name=\"description\" content=\"Adoras animais selvagens e queres um Print ou gostarias de oferecer um presente a um amigo ou familiar?\" \/>\n<meta name=\"robots\" content=\"index, follow, max-snippet:-1, max-image-preview:large, max-video-preview:-1\" \/>\n<link rel=\"canonical\" href=\"https:\/\/yuukart.com\/pt-pt\/product\/wild-stripes\/\" \/>\n<meta property=\"og:locale\" content=\"pt_PT\" \/>\n<meta property=\"og:type\" content=\"article\" \/>\n<meta property=\"og:title\" content=\"Wild Stripes - YuukArt\" \/>\n<meta property=\"og:description\" content=\"Adoras animais selvagens e queres um Print ou gostarias de oferecer um presente a um amigo ou familiar?\" \/>\n<meta property=\"og:url\" content=\"https:\/\/yuukart.com\/pt-pt\/product\/wild-stripes\/\" \/>\n<meta property=\"og:site_name\" content=\"YuukArt\" \/>\n<meta property=\"article:publisher\" content=\"https:\/\/www.facebook.com\/yuukart\" \/>\n<meta property=\"article:modified_time\" content=\"2025-08-02T23:44:13+00:00\" \/>\n<meta property=\"og:image\" content=\"https:\/\/yuukart.com\/wp-content\/uploads\/2021\/06\/Zebra-Site_1_resized.jpg\" \/>\n\t<meta property=\"og:image:width\" content=\"600\" \/>\n\t<meta property=\"og:image:height\" content=\"397\" \/>\n\t<meta property=\"og:image:type\" content=\"image\/jpeg\" \/>\n<meta name=\"twitter:card\" content=\"summary_large_image\" \/>\n<meta name=\"twitter:site\" content=\"@asyuukart\" \/>\n<meta name=\"twitter:label1\" content=\"Tempo estimado de leitura\" \/>\n\t<meta name=\"twitter:data1\" content=\"2 minutos\" \/>\n<script type=\"application\/ld+json\" class=\"yoast-schema-graph\">{\"@context\":\"https:\/\/schema.org\",\"@graph\":[{\"@type\":\"WebPage\",\"@id\":\"https:\/\/yuukart.com\/pt-pt\/product\/wild-stripes\/\",\"url\":\"https:\/\/yuukart.com\/pt-pt\/product\/wild-stripes\/\",\"name\":\"Wild Stripes - YuukArt\",\"isPartOf\":{\"@id\":\"https:\/\/yuukart.com\/pt-pt\/#website\"},\"primaryImageOfPage\":{\"@id\":\"https:\/\/yuukart.com\/pt-pt\/product\/wild-stripes\/#primaryimage\"},\"image\":{\"@id\":\"https:\/\/yuukart.com\/pt-pt\/product\/wild-stripes\/#primaryimage\"},\"thumbnailUrl\":\"https:\/\/yuukart.com\/wp-content\/uploads\/2021\/06\/Zebra-Site_1_resized.jpg\",\"datePublished\":\"2021-06-26T14:40:05+00:00\",\"dateModified\":\"2025-08-02T23:44:13+00:00\",\"description\":\"Adoras animais selvagens e queres um Print ou gostarias de oferecer um presente a um amigo ou familiar?\",\"breadcrumb\":{\"@id\":\"https:\/\/yuukart.com\/pt-pt\/product\/wild-stripes\/#breadcrumb\"},\"inLanguage\":\"pt-PT\",\"potentialAction\":[{\"@type\":\"ReadAction\",\"target\":[\"https:\/\/yuukart.com\/pt-pt\/product\/wild-stripes\/\"]}]},{\"@type\":\"ImageObject\",\"inLanguage\":\"pt-PT\",\"@id\":\"https:\/\/yuukart.com\/pt-pt\/product\/wild-stripes\/#primaryimage\",\"url\":\"https:\/\/yuukart.com\/wp-content\/uploads\/2021\/06\/Zebra-Site_1_resized.jpg\",\"contentUrl\":\"https:\/\/yuukart.com\/wp-content\/uploads\/2021\/06\/Zebra-Site_1_resized.jpg\",\"width\":600,\"height\":397},{\"@type\":\"BreadcrumbList\",\"@id\":\"https:\/\/yuukart.com\/pt-pt\/product\/wild-stripes\/#breadcrumb\",\"itemListElement\":[{\"@type\":\"ListItem\",\"position\":1,\"name\":\"Home\",\"item\":\"https:\/\/yuukart.com\/pt-pt\/\"},{\"@type\":\"ListItem\",\"position\":2,\"name\":\"Loja\",\"item\":\"https:\/\/yuukart.com\/pt-pt\/loja\/\"},{\"@type\":\"ListItem\",\"position\":3,\"name\":\"Wild Stripes\"}]},{\"@type\":\"WebSite\",\"@id\":\"https:\/\/yuukart.com\/pt-pt\/#website\",\"url\":\"https:\/\/yuukart.com\/pt-pt\/\",\"name\":\"YuukArt\",\"description\":\"Drawing from Ashes\",\"publisher\":{\"@id\":\"https:\/\/yuukart.com\/pt-pt\/#organization\"},\"potentialAction\":[{\"@type\":\"SearchAction\",\"target\":{\"@type\":\"EntryPoint\",\"urlTemplate\":\"https:\/\/yuukart.com\/pt-pt\/?s={search_term_string}\"},\"query-input\":{\"@type\":\"PropertyValueSpecification\",\"valueRequired\":true,\"valueName\":\"search_term_string\"}}],\"inLanguage\":\"pt-PT\"},{\"@type\":\"Organization\",\"@id\":\"https:\/\/yuukart.com\/pt-pt\/#organization\",\"name\":\"Yuukart\",\"url\":\"https:\/\/yuukart.com\/pt-pt\/\",\"logo\":{\"@type\":\"ImageObject\",\"inLanguage\":\"pt-PT\",\"@id\":\"https:\/\/yuukart.com\/pt-pt\/#\/schema\/logo\/image\/\",\"url\":\"https:\/\/yuukart.com\/wp-content\/uploads\/2020\/05\/cropped-Log7.png\",\"contentUrl\":\"https:\/\/yuukart.com\/wp-content\/uploads\/2020\/05\/cropped-Log7.png\",\"width\":512,\"height\":512,\"caption\":\"Yuukart\"},\"image\":{\"@id\":\"https:\/\/yuukart.com\/pt-pt\/#\/schema\/logo\/image\/\"},\"sameAs\":[\"https:\/\/www.facebook.com\/yuukart\",\"https:\/\/x.com\/asyuukart\",\"https:\/\/www.instagram.com\/yuukart\/\",\"https:\/\/www.pinterest.pt\/asyuukart\",\"https:\/\/www.youtube.com\/channel\/UCHBaprlT97KNbv0uiY8Jhrw\"]}]}<\/script>\n<!-- \/ Yoast SEO plugin. -->","yoast_head_json":{"title":"Wild Stripes - YuukArt","description":"Adoras animais selvagens e queres um Print ou gostarias de oferecer um presente a um amigo ou familiar?","robots":{"index":"index","follow":"follow","max-snippet":"max-snippet:-1","max-image-preview":"max-image-preview:large","max-video-preview":"max-video-preview:-1"},"canonical":"https:\/\/yuukart.com\/pt-pt\/product\/wild-stripes\/","og_locale":"pt_PT","og_type":"article","og_title":"Wild Stripes - YuukArt","og_description":"Adoras animais selvagens e queres um Print ou gostarias de oferecer um presente a um amigo ou familiar?","og_url":"https:\/\/yuukart.com\/pt-pt\/product\/wild-stripes\/","og_site_name":"YuukArt","article_publisher":"https:\/\/www.facebook.com\/yuukart","article_modified_time":"2025-08-02T23:44:13+00:00","og_image":[{"width":600,"height":397,"url":"https:\/\/yuukart.com\/wp-content\/uploads\/2021\/06\/Zebra-Site_1_resized.jpg","type":"image\/jpeg"}],"twitter_card":"summary_large_image","twitter_site":"@asyuukart","twitter_misc":{"Tempo estimado de leitura":"2 minutos"},"schema":{"@context":"https:\/\/schema.org","@graph":[{"@type":"WebPage","@id":"https:\/\/yuukart.com\/pt-pt\/product\/wild-stripes\/","url":"https:\/\/yuukart.com\/pt-pt\/product\/wild-stripes\/","name":"Wild Stripes - YuukArt","isPartOf":{"@id":"https:\/\/yuukart.com\/pt-pt\/#website"},"primaryImageOfPage":{"@id":"https:\/\/yuukart.com\/pt-pt\/product\/wild-stripes\/#primaryimage"},"image":{"@id":"https:\/\/yuukart.com\/pt-pt\/product\/wild-stripes\/#primaryimage"},"thumbnailUrl":"https:\/\/yuukart.com\/wp-content\/uploads\/2021\/06\/Zebra-Site_1_resized.jpg","datePublished":"2021-06-26T14:40:05+00:00","dateModified":"2025-08-02T23:44:13+00:00","description":"Adoras animais selvagens e queres um Print ou gostarias de oferecer um presente a um amigo ou familiar?","breadcrumb":{"@id":"https:\/\/yuukart.com\/pt-pt\/product\/wild-stripes\/#breadcrumb"},"inLanguage":"pt-PT","potentialAction":[{"@type":"ReadAction","target":["https:\/\/yuukart.com\/pt-pt\/product\/wild-stripes\/"]}]},{"@type":"ImageObject","inLanguage":"pt-PT","@id":"https:\/\/yuukart.com\/pt-pt\/product\/wild-stripes\/#primaryimage","url":"https:\/\/yuukart.com\/wp-content\/uploads\/2021\/06\/Zebra-Site_1_resized.jpg","contentUrl":"https:\/\/yuukart.com\/wp-content\/uploads\/2021\/06\/Zebra-Site_1_resized.jpg","width":600,"height":397},{"@type":"BreadcrumbList","@id":"https:\/\/yuukart.com\/pt-pt\/product\/wild-stripes\/#breadcrumb","itemListElement":[{"@type":"ListItem","position":1,"name":"Home","item":"https:\/\/yuukart.com\/pt-pt\/"},{"@type":"ListItem","position":2,"name":"Loja","item":"https:\/\/yuukart.com\/pt-pt\/loja\/"},{"@type":"ListItem","position":3,"name":"Wild Stripes"}]},{"@type":"WebSite","@id":"https:\/\/yuukart.com\/pt-pt\/#website","url":"https:\/\/yuukart.com\/pt-pt\/","name":"YuukArt","description":"Drawing from Ashes","publisher":{"@id":"https:\/\/yuukart.com\/pt-pt\/#organization"},"potentialAction":[{"@type":"SearchAction","target":{"@type":"EntryPoint","urlTemplate":"https:\/\/yuukart.com\/pt-pt\/?s={search_term_string}"},"query-input":{"@type":"PropertyValueSpecification","valueRequired":true,"valueName":"search_term_string"}}],"inLanguage":"pt-PT"},{"@type":"Organization","@id":"https:\/\/yuukart.com\/pt-pt\/#organization","name":"Yuukart","url":"https:\/\/yuukart.com\/pt-pt\/","logo":{"@type":"ImageObject","inLanguage":"pt-PT","@id":"https:\/\/yuukart.com\/pt-pt\/#\/schema\/logo\/image\/","url":"https:\/\/yuukart.com\/wp-content\/uploads\/2020\/05\/cropped-Log7.png","contentUrl":"https:\/\/yuukart.com\/wp-content\/uploads\/2020\/05\/cropped-Log7.png","width":512,"height":512,"caption":"Yuukart"},"image":{"@id":"https:\/\/yuukart.com\/pt-pt\/#\/schema\/logo\/image\/"},"sameAs":["https:\/\/www.facebook.com\/yuukart","https:\/\/x.com\/asyuukart","https:\/\/www.instagram.com\/yuukart\/","https:\/\/www.pinterest.pt\/asyuukart","https:\/\/www.youtube.com\/channel\/UCHBaprlT97KNbv0uiY8Jhrw"]}]}},"jetpack_sharing_enabled":true,"_links":{"self":[{"href":"https:\/\/yuukart.com\/pt-pt\/wp-json\/wp\/v2\/product\/5455","targetHints":{"allow":["GET"]}}],"collection":[{"href":"https:\/\/yuukart.com\/pt-pt\/wp-json\/wp\/v2\/product"}],"about":[{"href":"https:\/\/yuukart.com\/pt-pt\/wp-json\/wp\/v2\/types\/product"}],"replies":[{"embeddable":true,"href":"https:\/\/yuukart.com\/pt-pt\/wp-json\/wp\/v2\/comments?post=5455"}],"wp:featuredmedia":[{"embeddable":true,"href":"https:\/\/yuukart.com\/pt-pt\/wp-json\/wp\/v2\/media\/5406"}],"wp:attachment":[{"href":"https:\/\/yuukart.com\/pt-pt\/wp-json\/wp\/v2\/media?parent=5455"}],"wp:term":[{"taxonomy":"product_brand","embeddable":true,"href":"https:\/\/yuukart.com\/pt-pt\/wp-json\/wp\/v2\/product_brand?post=5455"},{"taxonomy":"product_cat","embeddable":true,"href":"https:\/\/yuukart.com\/pt-pt\/wp-json\/wp\/v2\/product_cat?post=5455"},{"taxonomy":"product_tag","embeddable":true,"href":"https:\/\/yuukart.com\/pt-pt\/wp-json\/wp\/v2\/product_tag?post=5455"}],"curies":[{"name":"wp","href":"https:\/\/api.w.org\/{rel}","templated":true}]}}